{"id":108,"date":"2026-01-22T10:56:37","date_gmt":"2026-01-22T10:56:37","guid":{"rendered":"http:\/\/cgwkbfh.cluster100.hosting.ovh.net\/?page_id=108"},"modified":"2026-03-11T11:09:50","modified_gmt":"2026-03-11T11:09:50","slug":"numeros-et-informations-utiles","status":"publish","type":"page","link":"https:\/\/lefildere.com\/index.php\/numeros-et-informations-utiles\/","title":{"rendered":"Num\u00e9ros et infos utiles"},"content":{"rendered":"\t\t<div data-elementor-type=\"wp-page\" data-elementor-id=\"108\" class=\"elementor elementor-108\">\n\t\t\t\t<div class=\"elementor-element elementor-element-120c308 e-flex e-con-boxed e-con e-parent\" data-id=\"120c308\" data-element_type=\"container\" data-e-type=\"container\">\n\t\t\t\t\t<div class=\"e-con-inner\">\n\t\t<div class=\"elementor-element elementor-element-1ddd9e7 e-con-full e-flex e-con e-child\" data-id=\"1ddd9e7\" data-element_type=\"container\" data-e-type=\"container\">\n\t\t<div class=\"elementor-element elementor-element-df583f6 e-con-full e-flex e-con e-child\" data-id=\"df583f6\" data-element_type=\"container\" data-e-type=\"container\" data-settings=\"{&quot;background_background&quot;:&quot;gradient&quot;}\">\n\t\t\t\t<div class=\"elementor-element elementor-element-8cbdc59 elementor-widget elementor-widget-heading\" data-id=\"8cbdc59\" data-element_type=\"widget\" data-e-type=\"widget\" data-widget_type=\"heading.default\">\n\t\t\t\t\t<h2 class=\"elementor-heading-title elementor-size-default\">Num\u00e9ros et infos utiles<\/h2>\t\t\t\t<\/div>\n\t\t\t\t<\/div>\n\t\t\t\t<div class=\"elementor-element elementor-element-cab3030 elementor-widget elementor-widget-heading\" data-id=\"cab3030\" data-element_type=\"widget\" data-e-type=\"widget\" data-widget_type=\"heading.default\">\n\t\t\t\t\t<h2 class=\"elementor-heading-title elementor-size-default\">Pont de l\u2019\u00eele de R\u00e9<\/h2>\t\t\t\t<\/div>\n\t\t\t\t<div class=\"elementor-element elementor-element-4ab3891 elementor-widget elementor-widget-text-editor\" data-id=\"4ab3891\" data-element_type=\"widget\" data-e-type=\"widget\" data-widget_type=\"text-editor.default\">\n\t\t\t\t\t\t\t\t\t<ul><li><strong>Renseignements\u00a0:\u00a0<\/strong>05 46 00 51 10<\/li><\/ul>\t\t\t\t\t\t\t\t<\/div>\n\t\t\t\t<div class=\"elementor-element elementor-element-d250ce9 elementor-widget elementor-widget-heading\" data-id=\"d250ce9\" data-element_type=\"widget\" data-e-type=\"widget\" data-widget_type=\"heading.default\">\n\t\t\t\t\t<h2 class=\"elementor-heading-title elementor-size-default\">Num\u00e9ros pratiques<\/h2>\t\t\t\t<\/div>\n\t\t\t\t<div class=\"elementor-element elementor-element-5ea0629 elementor-widget elementor-widget-text-editor\" data-id=\"5ea0629\" data-element_type=\"widget\" data-e-type=\"widget\" data-widget_type=\"text-editor.default\">\n\t\t\t\t\t\t\t\t\t<ul><li><strong>A\u00e9roport La Rochelle \u2013 Ile de R\u00e9 : <\/strong>05 46 42 30 26<\/li><li><strong>Affaires maritimes\u00a0La Rochelle : <\/strong>05 16 49 61 00<\/li><li><strong>Apar (refuge animaux) :<\/strong> 05 46 09 07 00<\/li><li><strong>Caisse d\u2019allocations familiales : <\/strong>0810 25 17 10<\/li><li><strong>Centre des finances publiques : <\/strong>05 46 27 61 00<\/li><li><strong>Chambre d\u2019agriculture : <\/strong>05 46 50 45 00<\/li><li><strong>Chambre de commerce : <\/strong>05 46 00 54 00<\/li><li><strong>Chambre des m\u00e9tiers : <\/strong>05 46 50 00 00<\/li><li><strong>Communaut\u00e9 de Communes : <\/strong>05 46 09 00 97<\/li><li><strong>Conseil g\u00e9n\u00e9ral de la Charente Maritime : <\/strong>05 46 31 70 00<\/li><li><strong>Comite d\u00e9partemental de tourisme : <\/strong>05 46 31 71 71<\/li><li><strong>CPAM :<\/strong> 0811 70 36 46<\/li><li><strong>Direction d\u00e9partementale des territoires et de la mer : <\/strong>05 16 49 61 00<\/li><li><strong>Direction r\u00e9gionale du travail : <\/strong>05 46 50 52 01<\/li><li><strong>Keolis les mouettes : <\/strong>0811 36 17 17<\/li><li><strong>La chaine m\u00e9t\u00e9o : <\/strong>32 01<\/li><li><strong>Ligue de protection des oiseaux : <\/strong>05 46 29 50 74<\/li><li><strong>Mutuelle des personnes handicap\u00e9es : <\/strong>0800 15 22 15<\/li><li><strong>P\u00e9age du pont de l\u2019ile de re : <\/strong>05 46 00 51 10<\/li><li><strong>Pole emploi : <\/strong>39 49<\/li><li><strong>Pr\u00e9fecture de la Charente maritime : <\/strong>05 46 27 43 00<\/li><li><strong>Restaurant du c\u0153ur :<\/strong> 05 46 01 05 97<\/li><li><strong>SAUR saint martin de re :<\/strong> 05 81 31 85 02<\/li><li><strong>SNCF :<\/strong> 36 35<\/li><\/ul>\t\t\t\t\t\t\t\t<\/div>\n\t\t\t\t<div class=\"elementor-element elementor-element-3ed6cfa elementor-widget elementor-widget-heading\" data-id=\"3ed6cfa\" data-element_type=\"widget\" data-e-type=\"widget\" data-widget_type=\"heading.default\">\n\t\t\t\t\t<h2 class=\"elementor-heading-title elementor-size-default\">Num\u00e9ros d\u2019urgence<\/h2>\t\t\t\t<\/div>\n\t\t\t\t<div class=\"elementor-element elementor-element-fe8382a elementor-widget elementor-widget-text-editor\" data-id=\"fe8382a\" data-element_type=\"widget\" data-e-type=\"widget\" data-widget_type=\"text-editor.default\">\n\t\t\t\t\t\t\t\t\t<ul><li><strong>Samu :<\/strong> 15 ou 112<\/li><li><strong>Samu social : <\/strong>115<\/li><li><strong>Centre anti-poison de bordeaux : <\/strong>05 56 96 40 80<\/li><li><strong>Centre hospitalier de la Rochelle : <\/strong>05 46 45 50 50<\/li><li><strong>H\u00f4pital saint martin de re :<\/strong> 05 46 09 21 17<\/li><li><strong>Pharmacie de garde : <\/strong>32 37<\/li><li><strong>SOS m\u00e9decins : <\/strong>36 24 ou 0826 46 15 15<\/li><li><strong>Pompiers :<\/strong> 18<\/li><li><strong>Gendarmerie Saint Martin de R\u00e9 : <\/strong>17 ou 05 46 09 21 17<\/li><li><strong>Urgence d\u00e9pannage \u00e9lectricit\u00e9 : <\/strong>09 726 750 17<\/li><li><strong>Urgence SAUR :<\/strong> 05 81 91 35 03<\/li><li><strong>Soci\u00e9t\u00e9 nationale de sauvetage en mer :<\/strong> 05 46 45 50 50<\/li><\/ul>\t\t\t\t\t\t\t\t<\/div>\n\t\t\t\t<\/div>\n\t\t\t\t\t<\/div>\n\t\t\t\t<\/div>\n\t\t\t\t<\/div>\n\t\t","protected":false},"excerpt":{"rendered":"<p>Num\u00e9ros et infos utiles Pont de l\u2019\u00eele de R\u00e9 Renseignements\u00a0:\u00a005 46 00 51 10 Num\u00e9ros pratiques A\u00e9roport La Rochelle \u2013 Ile de R\u00e9 : 05 46 42 30 26 Affaires maritimes\u00a0La Rochelle : 05 16 49 61 00 Apar (refuge animaux) : 05 46 09 07 00 Caisse d\u2019allocations familiales : 0810 25 17 10 [&hellip;]<\/p>\n","protected":false},"author":1,"featured_media":0,"parent":0,"menu_order":0,"comment_status":"closed","ping_status":"closed","template":"","meta":{"_acf_changed":false,"ocean_post_layout":"","ocean_both_sidebars_style":"","ocean_both_sidebars_content_width":0,"ocean_both_sidebars_sidebars_width":0,"ocean_sidebar":"","ocean_second_sidebar":"","ocean_disable_margins":"enable","ocean_add_body_class":"","ocean_shortcode_before_top_bar":"","ocean_shortcode_after_top_bar":"","ocean_shortcode_before_header":"","ocean_shortcode_after_header":"","ocean_has_shortcode":"","ocean_shortcode_after_title":"","ocean_shortcode_before_footer_widgets":"","ocean_shortcode_after_footer_widgets":"","ocean_shortcode_before_footer_bottom":"","ocean_shortcode_after_footer_bottom":"","ocean_display_top_bar":"default","ocean_display_header":"default","ocean_header_style":"","ocean_center_header_left_menu":"","ocean_custom_header_template":"","ocean_custom_logo":0,"ocean_custom_retina_logo":0,"ocean_custom_logo_max_width":0,"ocean_custom_logo_tablet_max_width":0,"ocean_custom_logo_mobile_max_width":0,"ocean_custom_logo_max_height":0,"ocean_custom_logo_tablet_max_height":0,"ocean_custom_logo_mobile_max_height":0,"ocean_header_custom_menu":"","ocean_menu_typo_font_family":"","ocean_menu_typo_font_subset":"","ocean_menu_typo_font_size":0,"ocean_menu_typo_font_size_tablet":0,"ocean_menu_typo_font_size_mobile":0,"ocean_menu_typo_font_size_unit":"px","ocean_menu_typo_font_weight":"","ocean_menu_typo_font_weight_tablet":"","ocean_menu_typo_font_weight_mobile":"","ocean_menu_typo_transform":"","ocean_menu_typo_transform_tablet":"","ocean_menu_typo_transform_mobile":"","ocean_menu_typo_line_height":0,"ocean_menu_typo_line_height_tablet":0,"ocean_menu_typo_line_height_mobile":0,"ocean_menu_typo_line_height_unit":"","ocean_menu_typo_spacing":0,"ocean_menu_typo_spacing_tablet":0,"ocean_menu_typo_spacing_mobile":0,"ocean_menu_typo_spacing_unit":"","ocean_menu_link_color":"","ocean_menu_link_color_hover":"","ocean_menu_link_color_active":"","ocean_menu_link_background":"","ocean_menu_link_hover_background":"","ocean_menu_link_active_background":"","ocean_menu_social_links_bg":"","ocean_menu_social_hover_links_bg":"","ocean_menu_social_links_color":"","ocean_menu_social_hover_links_color":"","ocean_disable_title":"default","ocean_disable_heading":"default","ocean_post_title":"","ocean_post_subheading":"","ocean_post_title_style":"","ocean_post_title_background_color":"","ocean_post_title_background":0,"ocean_post_title_bg_image_position":"","ocean_post_title_bg_image_attachment":"","ocean_post_title_bg_image_repeat":"","ocean_post_title_bg_image_size":"","ocean_post_title_height":0,"ocean_post_title_bg_overlay":0.5,"ocean_post_title_bg_overlay_color":"","ocean_disable_breadcrumbs":"default","ocean_breadcrumbs_color":"","ocean_breadcrumbs_separator_color":"","ocean_breadcrumbs_links_color":"","ocean_breadcrumbs_links_hover_color":"","ocean_display_footer_widgets":"default","ocean_display_footer_bottom":"default","ocean_custom_footer_template":"","footnotes":""},"class_list":["post-108","page","type-page","status-publish","hentry","entry"],"acf":[],"_links":{"self":[{"href":"https:\/\/lefildere.com\/index.php\/wp-json\/wp\/v2\/pages\/108","targetHints":{"allow":["GET"]}}],"collection":[{"href":"https:\/\/lefildere.com\/index.php\/wp-json\/wp\/v2\/pages"}],"about":[{"href":"https:\/\/lefildere.com\/index.php\/wp-json\/wp\/v2\/types\/page"}],"author":[{"embeddable":true,"href":"https:\/\/lefildere.com\/index.php\/wp-json\/wp\/v2\/users\/1"}],"replies":[{"embeddable":true,"href":"https:\/\/lefildere.com\/index.php\/wp-json\/wp\/v2\/comments?post=108"}],"version-history":[{"count":38,"href":"https:\/\/lefildere.com\/index.php\/wp-json\/wp\/v2\/pages\/108\/revisions"}],"predecessor-version":[{"id":1745,"href":"https:\/\/lefildere.com\/index.php\/wp-json\/wp\/v2\/pages\/108\/revisions\/1745"}],"wp:attachment":[{"href":"https:\/\/lefildere.com\/index.php\/wp-json\/wp\/v2\/media?parent=108"}],"curies":[{"name":"wp","href":"https:\/\/api.w.org\/{rel}","templated":true}]}}