{"id":111,"date":"2026-01-22T10:57:39","date_gmt":"2026-01-22T10:57:39","guid":{"rendered":"http:\/\/cgwkbfh.cluster100.hosting.ovh.net\/?page_id=111"},"modified":"2026-03-23T08:20:01","modified_gmt":"2026-03-23T08:20:01","slug":"a-propos-du-fil-de-re","status":"publish","type":"page","link":"https:\/\/lefildere.com\/index.php\/a-propos-du-fil-de-re\/","title":{"rendered":"A propos du Fil de R\u00e9"},"content":{"rendered":"\t\t<div data-elementor-type=\"wp-page\" data-elementor-id=\"111\" class=\"elementor elementor-111\">\n\t\t\t\t<div class=\"elementor-element elementor-element-77de61f e-flex e-con-boxed e-con e-parent\" data-id=\"77de61f\" data-element_type=\"container\" data-e-type=\"container\">\n\t\t\t\t\t<div class=\"e-con-inner\">\n\t\t<div class=\"elementor-element elementor-element-84fa17e e-con-full e-flex e-con e-child\" data-id=\"84fa17e\" data-element_type=\"container\" data-e-type=\"container\">\n\t\t<div class=\"elementor-element elementor-element-0bc2eb8 e-con-full e-flex e-con e-child\" data-id=\"0bc2eb8\" data-element_type=\"container\" data-e-type=\"container\" data-settings=\"{&quot;background_background&quot;:&quot;gradient&quot;}\">\n\t\t\t\t<div class=\"elementor-element elementor-element-7db86b2 elementor-widget elementor-widget-heading\" data-id=\"7db86b2\" data-element_type=\"widget\" data-e-type=\"widget\" data-widget_type=\"heading.default\">\n\t\t\t\t\t<h2 class=\"elementor-heading-title elementor-size-default\">Qu'est-ce que le Fil de R\u00e9 ?<\/h2>\t\t\t\t<\/div>\n\t\t\t\t<\/div>\n\t\t\t\t<div class=\"elementor-element elementor-element-aead334 elementor-widget elementor-widget-heading\" data-id=\"aead334\" data-element_type=\"widget\" data-e-type=\"widget\" data-widget_type=\"heading.default\">\n\t\t\t\t\t<h2 class=\"elementor-heading-title elementor-size-default\">Naissance et histoire du Fil de R\u00e9<\/h2>\t\t\t\t<\/div>\n\t\t\t\t<div class=\"elementor-element elementor-element-3635f41 elementor-widget elementor-widget-text-editor\" data-id=\"3635f41\" data-element_type=\"widget\" data-e-type=\"widget\" data-widget_type=\"text-editor.default\">\n\t\t\t\t\t\t\t\t\t<p>\u00abPourquoi ne pas faire un annuaire priv\u00e9 r\u00e9serv\u00e9 aux R\u00e9tais ?\u00bb.<br \/>Ce fut la question pos\u00e9e par les dirigeants lors d&rsquo;une des r\u00e9unions hebdomadaires au tout d\u00e9but des ann\u00e9es 90. \u00abBanco, cela permettrait de fournir quelques subsides au club\u2026\u00bb<\/p><p>27 ans apr\u00e8s, le FIL DE RE est devenu une v\u00e9ritable institution sur notre belle \u00eele, attendu par des milliers de personnes et pas seulement des R\u00e9tais puisqu&rsquo;il remporte un v\u00e9ritable succ\u00e8s aupr\u00e8s des vacanciers.<\/p><p>La premi\u00e8re page, notamment, fait m\u00eame le bonheur de nombreux collectionneurs. Aquarelle, peinture, dessin, photo, elle est, chaque ann\u00e9e, choisie par le comit\u00e9 directeur avec l&rsquo;attention que m\u00e9rite son impact aupr\u00e8s des R\u00e9tais.<\/p><p>Le FIL DE RE est, chaque ann\u00e9e, distribu\u00e9 au mois de mars par les b\u00e9n\u00e9voles de l&rsquo;association dans les quelque 13 \u00e0 14 000 bo\u00eetes aux lettres des 10 communes de l&rsquo;\u00cele, le reste des 18 500 exemplaires imprim\u00e9s \u00e9tant r\u00e9serv\u00e9 \u00e0 nos fid\u00e8les annonceurs et aux collectivit\u00e9s.<\/p><p>Aujourd&rsquo;hui le FIL DE RE permet au Football Club R\u00e9thais, fort de 200 licenci\u00e9s, d&rsquo;\u00e9voluer \u00e0 un tr\u00e8s bon niveau r\u00e9gional et de pr\u00e9senter, chaque week-end, des \u00e9quipes dans toutes les cat\u00e9gories d&rsquo;\u00e2ges, encadr\u00e9es par des \u00e9ducateurs dipl\u00f4m\u00e9s et motiv\u00e9s.<\/p>\t\t\t\t\t\t\t\t<\/div>\n\t\t\t\t<div class=\"elementor-element elementor-element-63de4d2 elementor-widget elementor-widget-heading\" data-id=\"63de4d2\" data-element_type=\"widget\" data-e-type=\"widget\" data-widget_type=\"heading.default\">\n\t\t\t\t\t<h2 class=\"elementor-heading-title elementor-size-default\">Les clients du Fil de R\u00e9<\/h2>\t\t\t\t<\/div>\n\t\t\t\t<div class=\"elementor-element elementor-element-3f4db62 elementor-widget elementor-widget-text-editor\" data-id=\"3f4db62\" data-element_type=\"widget\" data-e-type=\"widget\" data-widget_type=\"text-editor.default\">\n\t\t\t\t\t\t\t\t\t<p>Depuis sa naissance, les encarts publicitaires du FIL DE RE sont exclusivement r\u00e9serv\u00e9s aux artisans et commer\u00e7ants R\u00e9tais. Il s&rsquo;agit d&rsquo;un engagement moral du Football Club R\u00e9thais vis-\u00e0-vis de ses fid\u00e8les annonceurs. Le terme de fid\u00e8le prend ici tout son sens puisque certains annonceurs sont pr\u00e9sents sur le FIL DE RE depuis sa cr\u00e9ation (l991!).<\/p><p>Quelques rares exceptions pour des professions non repr\u00e9sent\u00e9es \u00ab\u00a0sur l&rsquo;\u00cele sont possibles (concessionnaires automobiles par exemple).<\/p><p>Le nouveau site web et son application pour mobile vont ouvrir de nouvelles possibilit\u00e9s \u00e0 nos clients gr\u00e2ce \u00e0 des techniques simples pour, entre autres, des \u00e9v\u00e8nements commerciaux ponctuels.<\/p>\t\t\t\t\t\t\t\t<\/div>\n\t\t\t\t<\/div>\n\t\t\t\t\t<\/div>\n\t\t\t\t<\/div>\n\t\t\t\t<\/div>\n\t\t","protected":false},"excerpt":{"rendered":"<p>Qu&rsquo;est-ce que le Fil de R\u00e9 ? Naissance et histoire du Fil de R\u00e9 \u00abPourquoi ne pas faire un annuaire priv\u00e9 r\u00e9serv\u00e9 aux R\u00e9tais ?\u00bb.Ce fut la question pos\u00e9e par les dirigeants lors d&rsquo;une des r\u00e9unions hebdomadaires au tout d\u00e9but des ann\u00e9es 90. \u00abBanco, cela permettrait de fournir quelques subsides au club\u2026\u00bb 27 ans apr\u00e8s, [&hellip;]<\/p>\n","protected":false},"author":1,"featured_media":0,"parent":0,"menu_order":0,"comment_status":"closed","ping_status":"closed","template":"","meta":{"_acf_changed":false,"ocean_post_layout":"","ocean_both_sidebars_style":"","ocean_both_sidebars_content_width":0,"ocean_both_sidebars_sidebars_width":0,"ocean_sidebar":"","ocean_second_sidebar":"","ocean_disable_margins":"enable","ocean_add_body_class":"","ocean_shortcode_before_top_bar":"","ocean_shortcode_after_top_bar":"","ocean_shortcode_before_header":"","ocean_shortcode_after_header":"","ocean_has_shortcode":"","ocean_shortcode_after_title":"","ocean_shortcode_before_footer_widgets":"","ocean_shortcode_after_footer_widgets":"","ocean_shortcode_before_footer_bottom":"","ocean_shortcode_after_footer_bottom":"","ocean_display_top_bar":"default","ocean_display_header":"default","ocean_header_style":"","ocean_center_header_left_menu":"","ocean_custom_header_template":"","ocean_custom_logo":0,"ocean_custom_retina_logo":0,"ocean_custom_logo_max_width":0,"ocean_custom_logo_tablet_max_width":0,"ocean_custom_logo_mobile_max_width":0,"ocean_custom_logo_max_height":0,"ocean_custom_logo_tablet_max_height":0,"ocean_custom_logo_mobile_max_height":0,"ocean_header_custom_menu":"","ocean_menu_typo_font_family":"","ocean_menu_typo_font_subset":"","ocean_menu_typo_font_size":0,"ocean_menu_typo_font_size_tablet":0,"ocean_menu_typo_font_size_mobile":0,"ocean_menu_typo_font_size_unit":"px","ocean_menu_typo_font_weight":"","ocean_menu_typo_font_weight_tablet":"","ocean_menu_typo_font_weight_mobile":"","ocean_menu_typo_transform":"","ocean_menu_typo_transform_tablet":"","ocean_menu_typo_transform_mobile":"","ocean_menu_typo_line_height":0,"ocean_menu_typo_line_height_tablet":0,"ocean_menu_typo_line_height_mobile":0,"ocean_menu_typo_line_height_unit":"","ocean_menu_typo_spacing":0,"ocean_menu_typo_spacing_tablet":0,"ocean_menu_typo_spacing_mobile":0,"ocean_menu_typo_spacing_unit":"","ocean_menu_link_color":"","ocean_menu_link_color_hover":"","ocean_menu_link_color_active":"","ocean_menu_link_background":"","ocean_menu_link_hover_background":"","ocean_menu_link_active_background":"","ocean_menu_social_links_bg":"","ocean_menu_social_hover_links_bg":"","ocean_menu_social_links_color":"","ocean_menu_social_hover_links_color":"","ocean_disable_title":"default","ocean_disable_heading":"default","ocean_post_title":"","ocean_post_subheading":"","ocean_post_title_style":"","ocean_post_title_background_color":"","ocean_post_title_background":0,"ocean_post_title_bg_image_position":"","ocean_post_title_bg_image_attachment":"","ocean_post_title_bg_image_repeat":"","ocean_post_title_bg_image_size":"","ocean_post_title_height":0,"ocean_post_title_bg_overlay":0.5,"ocean_post_title_bg_overlay_color":"","ocean_disable_breadcrumbs":"default","ocean_breadcrumbs_color":"","ocean_breadcrumbs_separator_color":"","ocean_breadcrumbs_links_color":"","ocean_breadcrumbs_links_hover_color":"","ocean_display_footer_widgets":"default","ocean_display_footer_bottom":"default","ocean_custom_footer_template":"","footnotes":""},"class_list":["post-111","page","type-page","status-publish","hentry","entry"],"acf":[],"_links":{"self":[{"href":"https:\/\/lefildere.com\/index.php\/wp-json\/wp\/v2\/pages\/111","targetHints":{"allow":["GET"]}}],"collection":[{"href":"https:\/\/lefildere.com\/index.php\/wp-json\/wp\/v2\/pages"}],"about":[{"href":"https:\/\/lefildere.com\/index.php\/wp-json\/wp\/v2\/types\/page"}],"author":[{"embeddable":true,"href":"https:\/\/lefildere.com\/index.php\/wp-json\/wp\/v2\/users\/1"}],"replies":[{"embeddable":true,"href":"https:\/\/lefildere.com\/index.php\/wp-json\/wp\/v2\/comments?post=111"}],"version-history":[{"count":13,"href":"https:\/\/lefildere.com\/index.php\/wp-json\/wp\/v2\/pages\/111\/revisions"}],"predecessor-version":[{"id":1814,"href":"https:\/\/lefildere.com\/index.php\/wp-json\/wp\/v2\/pages\/111\/revisions\/1814"}],"wp:attachment":[{"href":"https:\/\/lefildere.com\/index.php\/wp-json\/wp\/v2\/media?parent=111"}],"curies":[{"name":"wp","href":"https:\/\/api.w.org\/{rel}","templated":true}]}}