{"id":115,"date":"2026-01-22T10:58:55","date_gmt":"2026-01-22T10:58:55","guid":{"rendered":"http:\/\/cgwkbfh.cluster100.hosting.ovh.net\/?page_id=115"},"modified":"2026-04-08T08:21:36","modified_gmt":"2026-04-08T08:21:36","slug":"mentions-legales","status":"publish","type":"page","link":"https:\/\/lefildere.com\/index.php\/mentions-legales\/","title":{"rendered":"Mentions l\u00e9gales"},"content":{"rendered":"\t\t<div data-elementor-type=\"wp-page\" data-elementor-id=\"115\" class=\"elementor elementor-115\">\n\t\t\t\t<div class=\"elementor-element elementor-element-7fa5380 e-flex e-con-boxed e-con e-parent\" data-id=\"7fa5380\" data-element_type=\"container\" data-e-type=\"container\">\n\t\t\t\t\t<div class=\"e-con-inner\">\n\t\t\t\t<div class=\"elementor-element elementor-element-921c76b elementor-widget elementor-widget-heading\" data-id=\"921c76b\" data-element_type=\"widget\" data-e-type=\"widget\" data-widget_type=\"heading.default\">\n\t\t\t\t\t<h2 class=\"elementor-heading-title elementor-size-default\">Mention L\u00e9gales<\/h2>\t\t\t\t<\/div>\n\t\t\t\t<div class=\"elementor-element elementor-element-ad08a8f elementor-widget elementor-widget-text-editor\" data-id=\"ad08a8f\" data-element_type=\"widget\" data-e-type=\"widget\" data-widget_type=\"text-editor.default\">\n\t\t\t\t\t\t\t\t\t<p>Ce site Web est la propri\u00e9t\u00e9 du\u00a0 FOOTBALL CLUB RETHAIS, association Loi de 1901 d\u00e9clar\u00e9e \u00e0 la Pr\u00e9fecture de La Rochelle le 29\/10\/1936 sous le n\u00b0 189 (Journal Officiel paru le 27\/11\/1936).<\/p>\t\t\t\t\t\t\t\t<\/div>\n\t\t\t\t<div class=\"elementor-element elementor-element-c56a25d elementor-widget elementor-widget-heading\" data-id=\"c56a25d\" data-element_type=\"widget\" data-e-type=\"widget\" data-widget_type=\"heading.default\">\n\t\t\t\t\t<h2 class=\"elementor-heading-title elementor-size-default\">Direction de la publication :<\/h2>\t\t\t\t<\/div>\n\t\t\t\t<div class=\"elementor-element elementor-element-d103f9b elementor-widget elementor-widget-text-editor\" data-id=\"d103f9b\" data-element_type=\"widget\" data-e-type=\"widget\" data-widget_type=\"text-editor.default\">\n\t\t\t\t\t\t\t\t\t<p>Michel Desfontaines, Pr\u00e9sident du FOOTBALL CLUB RETHAIS.<\/p>\t\t\t\t\t\t\t\t<\/div>\n\t\t\t\t<div class=\"elementor-element elementor-element-09fc769 elementor-widget elementor-widget-heading\" data-id=\"09fc769\" data-element_type=\"widget\" data-e-type=\"widget\" data-widget_type=\"heading.default\">\n\t\t\t\t\t<h2 class=\"elementor-heading-title elementor-size-default\">R\u00e9gie \u00e9ditoriale et publicitaire :<\/h2>\t\t\t\t<\/div>\n\t\t\t\t<div class=\"elementor-element elementor-element-002db26 elementor-widget elementor-widget-text-editor\" data-id=\"002db26\" data-element_type=\"widget\" data-e-type=\"widget\" data-widget_type=\"text-editor.default\">\n\t\t\t\t\t\t\t\t\t<p>Football Club R\u00e9thais \u2013 Le Fil de R\u00e9<br \/>7 avenue de Philippsburg<br \/>17410 SAINT-MARTIN-DE-R\u00c9<br \/>T\u00e9l. : 06 07 09 00 89 &#8211; jacky.rangin@orange.fr<br \/>06 74 73 73 94 &#8211; chantal.ballan@gmail.com&gt;<\/p>\t\t\t\t\t\t\t\t<\/div>\n\t\t\t\t<div class=\"elementor-element elementor-element-b88963a elementor-widget elementor-widget-heading\" data-id=\"b88963a\" data-element_type=\"widget\" data-e-type=\"widget\" data-widget_type=\"heading.default\">\n\t\t\t\t\t<h2 class=\"elementor-heading-title elementor-size-default\">Conception, r\u00e9alisation et h\u00e9bergement :<\/h2>\t\t\t\t<\/div>\n\t\t\t\t<div class=\"elementor-element elementor-element-d1a1173 elementor-widget elementor-widget-text-editor\" data-id=\"d1a1173\" data-element_type=\"widget\" data-e-type=\"widget\" data-widget_type=\"text-editor.default\">\n\t\t\t\t\t\t\t\t\t<p><strong>Conception :<\/strong> YUZU &#8211; 5 Avenue des Am\u00e9riques &#8211; 17000 LA ROCHELLE &#8211; Site web : <a href=\"https:\/\/www.yuzu-agence.fr\/\" target=\"_blank\" rel=\"noopener\">https:\/\/www.yuzu-agence.fr\/<\/a><\/p><p><strong>H\u00e9bergement :<\/strong> OVH &#8211; Siege social : 2 Rue Kellermann 59512 Roubaix &#8211; Site web : www.ovhcloud.com<\/p>\t\t\t\t\t\t\t\t<\/div>\n\t\t\t\t<div class=\"elementor-element elementor-element-6d7c72d elementor-widget elementor-widget-heading\" data-id=\"6d7c72d\" data-element_type=\"widget\" data-e-type=\"widget\" data-widget_type=\"heading.default\">\n\t\t\t\t\t<h2 class=\"elementor-heading-title elementor-size-default\">Propri\u00e9t\u00e9 intellectuelle :<\/h2>\t\t\t\t<\/div>\n\t\t\t\t<div class=\"elementor-element elementor-element-91185f1 elementor-widget elementor-widget-text-editor\" data-id=\"91185f1\" data-element_type=\"widget\" data-e-type=\"widget\" data-widget_type=\"text-editor.default\">\n\t\t\t\t\t\t\t\t\t<p>Le contenu de ce site Web est la propri\u00e9t\u00e9 du FOOTBALL CLUB RETHAIS. Vous avez l\u2019autorisation de consulter les donn\u00e9es qu\u2019il contient pour votre seule utilisation personnelle non commerciale, ce qui exclut toute exploitation commerciale \u00e0 un niveau local, national ou international. Notamment, aucun logo, texte, son, graphique ou image contenus dans le site ne pourrait \u00eatre copi\u00e9, reproduit, modifi\u00e9, publi\u00e9, \u00e9mis, post\u00e9, transmis ou distribu\u00e9 par quelques moyens que ce soit sans l\u2019autorisation pr\u00e9alable \u00e9crite du FOOTBALL CLUB RETHAIS.<\/p>\t\t\t\t\t\t\t\t<\/div>\n\t\t\t\t<div class=\"elementor-element elementor-element-a22d344 elementor-widget elementor-widget-heading\" data-id=\"a22d344\" data-element_type=\"widget\" data-e-type=\"widget\" data-widget_type=\"heading.default\">\n\t\t\t\t\t<h2 class=\"elementor-heading-title elementor-size-default\">Responsabilit\u00e9s :<\/h2>\t\t\t\t<\/div>\n\t\t\t\t<div class=\"elementor-element elementor-element-524f2dc elementor-widget elementor-widget-text-editor\" data-id=\"524f2dc\" data-element_type=\"widget\" data-e-type=\"widget\" data-widget_type=\"text-editor.default\">\n\t\t\t\t\t\t\t\t\t<p>Le FOOTBALL CLUB RETHAIS ne pourra \u00eatre tenue responsable de tout dommage direct ou indirect issu d\u2019une interruption, d\u2019un dysfonctionnement quel qu\u2019il soit, et ce pour quelque raison que ce soit, ou encore de tout dommage direct ou indirect qui r\u00e9sulterait, d\u2019une fa\u00e7on quelconque, d\u2019une connexion au site. La connexion de toute personne au site se fait sous son enti\u00e8re responsabilit\u00e9. <br \/>En outre, malgr\u00e9 le plus grand soin apport\u00e9 \u00e0 la r\u00e9alisation de ce site, le FOOTBALL CLUB RETHAIS d\u00e9cline toute responsabilit\u00e9 quant aux libell\u00e9s, omissions ou erreurs que pourrait comporter les annuaires du site. Cette clause sera invoqu\u00e9e \u00e0 l\u2019encontre de toute r\u00e9clamation, et le demandeur se verra opposer la jurisprudence constante relative \u00e0 la non-responsabilit\u00e9 des \u00e9diteurs d\u2019annuaires pour les clauses sus-\u00e9nonc\u00e9es. Le FOOTBALL CLUB RETHAIS d\u00e9cline \u00e9galement toute responsabilit\u00e9 concernant les informations qui lui sont fournies par France T\u00e9l\u00e9com. <br \/>Enfin, les pages de ce site Web pourront pr\u00e9senter des liens avec d\u2019autres sites ou faire des renvois \u00e0 d\u2019autres sites. Le FOOTBALL CLUB RETHAIS ne se porte pas garante du contenu de ces autres sites et ne pourra \u00eatre tenue responsable des dommages r\u00e9sultant de l\u2019utilisation de contenu de ces sites. Les liens vers d\u2019autres sites ne sont fournis que pour la commodit\u00e9 de l\u2019utilisateur de ce site Web.<\/p>\t\t\t\t\t\t\t\t<\/div>\n\t\t\t\t<div class=\"elementor-element elementor-element-18b7340 elementor-widget elementor-widget-heading\" data-id=\"18b7340\" data-element_type=\"widget\" data-e-type=\"widget\" data-widget_type=\"heading.default\">\n\t\t\t\t\t<h2 class=\"elementor-heading-title elementor-size-default\">Protection des donn\u00e9es personnelles :<\/h2>\t\t\t\t<\/div>\n\t\t\t\t<div class=\"elementor-element elementor-element-0eca84f elementor-widget elementor-widget-text-editor\" data-id=\"0eca84f\" data-element_type=\"widget\" data-e-type=\"widget\" data-widget_type=\"text-editor.default\">\n\t\t\t\t\t\t\t\t\t<p>Le site peut \u00eatre amen\u00e9 \u00e0 collecter des donn\u00e9es personnelles (formulaire de contact, etc.). Ces donn\u00e9es sont trait\u00e9es dans le respect de la r\u00e9glementation en vigueur.<br \/>Pour plus d\u2019informations, vous pouvez consulter notre <a href=\"https:\/\/lefildere.com\/index.php\/politique-de-confidentialite\/\">politique de confidentialit\u00e9<\/a>.<\/p>\t\t\t\t\t\t\t\t<\/div>\n\t\t\t\t\t<\/div>\n\t\t\t\t<\/div>\n\t\t\t\t<\/div>\n\t\t","protected":false},"excerpt":{"rendered":"<p>Mention L\u00e9gales Ce site Web est la propri\u00e9t\u00e9 du\u00a0 FOOTBALL CLUB RETHAIS, association Loi de 1901 d\u00e9clar\u00e9e \u00e0 la Pr\u00e9fecture de La Rochelle le 29\/10\/1936 sous le n\u00b0 189 (Journal Officiel paru le 27\/11\/1936). Direction de la publication : Michel Desfontaines, Pr\u00e9sident du FOOTBALL CLUB RETHAIS. R\u00e9gie \u00e9ditoriale et publicitaire : Football Club R\u00e9thais \u2013 [&hellip;]<\/p>\n","protected":false},"author":1,"featured_media":0,"parent":0,"menu_order":0,"comment_status":"closed","ping_status":"closed","template":"","meta":{"_acf_changed":false,"ocean_post_layout":"","ocean_both_sidebars_style":"","ocean_both_sidebars_content_width":0,"ocean_both_sidebars_sidebars_width":0,"ocean_sidebar":"","ocean_second_sidebar":"","ocean_disable_margins":"enable","ocean_add_body_class":"","ocean_shortcode_before_top_bar":"","ocean_shortcode_after_top_bar":"","ocean_shortcode_before_header":"","ocean_shortcode_after_header":"","ocean_has_shortcode":"","ocean_shortcode_after_title":"","ocean_shortcode_before_footer_widgets":"","ocean_shortcode_after_footer_widgets":"","ocean_shortcode_before_footer_bottom":"","ocean_shortcode_after_footer_bottom":"","ocean_display_top_bar":"default","ocean_display_header":"default","ocean_header_style":"","ocean_center_header_left_menu":"","ocean_custom_header_template":"","ocean_custom_logo":0,"ocean_custom_retina_logo":0,"ocean_custom_logo_max_width":0,"ocean_custom_logo_tablet_max_width":0,"ocean_custom_logo_mobile_max_width":0,"ocean_custom_logo_max_height":0,"ocean_custom_logo_tablet_max_height":0,"ocean_custom_logo_mobile_max_height":0,"ocean_header_custom_menu":"","ocean_menu_typo_font_family":"","ocean_menu_typo_font_subset":"","ocean_menu_typo_font_size":0,"ocean_menu_typo_font_size_tablet":0,"ocean_menu_typo_font_size_mobile":0,"ocean_menu_typo_font_size_unit":"px","ocean_menu_typo_font_weight":"","ocean_menu_typo_font_weight_tablet":"","ocean_menu_typo_font_weight_mobile":"","ocean_menu_typo_transform":"","ocean_menu_typo_transform_tablet":"","ocean_menu_typo_transform_mobile":"","ocean_menu_typo_line_height":0,"ocean_menu_typo_line_height_tablet":0,"ocean_menu_typo_line_height_mobile":0,"ocean_menu_typo_line_height_unit":"","ocean_menu_typo_spacing":0,"ocean_menu_typo_spacing_tablet":0,"ocean_menu_typo_spacing_mobile":0,"ocean_menu_typo_spacing_unit":"","ocean_menu_link_color":"","ocean_menu_link_color_hover":"","ocean_menu_link_color_active":"","ocean_menu_link_background":"","ocean_menu_link_hover_background":"","ocean_menu_link_active_background":"","ocean_menu_social_links_bg":"","ocean_menu_social_hover_links_bg":"","ocean_menu_social_links_color":"","ocean_menu_social_hover_links_color":"","ocean_disable_title":"default","ocean_disable_heading":"default","ocean_post_title":"","ocean_post_subheading":"","ocean_post_title_style":"","ocean_post_title_background_color":"","ocean_post_title_background":0,"ocean_post_title_bg_image_position":"","ocean_post_title_bg_image_attachment":"","ocean_post_title_bg_image_repeat":"","ocean_post_title_bg_image_size":"","ocean_post_title_height":0,"ocean_post_title_bg_overlay":0.5,"ocean_post_title_bg_overlay_color":"","ocean_disable_breadcrumbs":"default","ocean_breadcrumbs_color":"","ocean_breadcrumbs_separator_color":"","ocean_breadcrumbs_links_color":"","ocean_breadcrumbs_links_hover_color":"","ocean_display_footer_widgets":"default","ocean_display_footer_bottom":"default","ocean_custom_footer_template":"","footnotes":""},"class_list":["post-115","page","type-page","status-publish","hentry","entry"],"acf":[],"_links":{"self":[{"href":"https:\/\/lefildere.com\/index.php\/wp-json\/wp\/v2\/pages\/115","targetHints":{"allow":["GET"]}}],"collection":[{"href":"https:\/\/lefildere.com\/index.php\/wp-json\/wp\/v2\/pages"}],"about":[{"href":"https:\/\/lefildere.com\/index.php\/wp-json\/wp\/v2\/types\/page"}],"author":[{"embeddable":true,"href":"https:\/\/lefildere.com\/index.php\/wp-json\/wp\/v2\/users\/1"}],"replies":[{"embeddable":true,"href":"https:\/\/lefildere.com\/index.php\/wp-json\/wp\/v2\/comments?post=115"}],"version-history":[{"count":17,"href":"https:\/\/lefildere.com\/index.php\/wp-json\/wp\/v2\/pages\/115\/revisions"}],"predecessor-version":[{"id":1825,"href":"https:\/\/lefildere.com\/index.php\/wp-json\/wp\/v2\/pages\/115\/revisions\/1825"}],"wp:attachment":[{"href":"https:\/\/lefildere.com\/index.php\/wp-json\/wp\/v2\/media?parent=115"}],"curies":[{"name":"wp","href":"https:\/\/api.w.org\/{rel}","templated":true}]}}