{"id":3,"date":"2026-01-19T14:47:34","date_gmt":"2026-01-19T14:47:34","guid":{"rendered":"http:\/\/cgwkbfh.cluster100.hosting.ovh.net\/?page_id=3"},"modified":"2026-03-12T08:32:05","modified_gmt":"2026-03-12T08:32:05","slug":"politique-de-confidentialite","status":"publish","type":"page","link":"https:\/\/lefildere.com\/index.php\/politique-de-confidentialite\/","title":{"rendered":"Politique de confidentialit\u00e9"},"content":{"rendered":"\t\t<div data-elementor-type=\"wp-page\" data-elementor-id=\"3\" class=\"elementor elementor-3\">\n\t\t\t\t<div class=\"elementor-element elementor-element-1a3b7211 e-flex e-con-boxed e-con e-parent\" data-id=\"1a3b7211\" data-element_type=\"container\" data-e-type=\"container\">\n\t\t\t\t\t<div class=\"e-con-inner\">\n\t\t\t\t<div class=\"elementor-element elementor-element-4963534f elementor-widget elementor-widget-text-editor\" data-id=\"4963534f\" data-element_type=\"widget\" data-e-type=\"widget\" data-widget_type=\"text-editor.default\">\n\t\t\t\t\t\t\t\t\t<h2>Politique de confidentialit\u00e9<\/h2>\n<h3>1. Donn\u00e9es personnelles collect\u00e9es<\/h3>\n<p>Le site fildere.com ne collecte des donn\u00e9es personnelles que par l\u2019interm\u00e9diaire du formulaire de contact. Les donn\u00e9es saisies (nom, adresse e-mail, message) sont utilis\u00e9es uniquement pour r\u00e9pondre \u00e0 votre demande.<\/p>\n<p>Les donn\u00e9es ne sont pas c\u00e9d\u00e9es \u00e0 des tiers.<\/p>\n<h3>2. Responsable du traitement<\/h3>\n<p>Les donn\u00e9es sont trait\u00e9es par :\u00a0<\/p>\n<p>Football Club R\u00e9thais \u2013 Le Fil de R\u00e9<br \/>7 avenue de Philippsburg<br \/>17410 SAINT-MARTIN-DE-R\u00c9<br \/>T\u00e9l. : 06 07 09 00 89 &#8211; jacky.rangin@orange.fr<br \/>06 74 73 73 94 &#8211; chantal.ballan@gmail.com&gt;<\/p>\n<h3>3. Dur\u00e9e de conservation<\/h3>\n<p>Les donn\u00e9es de contact sont conserv\u00e9es pendant 1 an \u00e0 des fins de suivi.<\/p>\n<h3>4. S\u00e9curit\u00e9<\/h3>\n<p>Les donn\u00e9es sont stock\u00e9es de mani\u00e8re s\u00e9curis\u00e9e sur les serveurs de l\u2019h\u00e9bergeur OVH, et ne sont accessibles qu\u2019\u00e0 l\u2019administrateur du site.<\/p>\n<h3>5. Contenus embarqu\u00e9s<\/h3>\n<p>Certains contenus (vid\u00e9os, cartes, etc.) peuvent provenir de sites tiers et se comporter comme si le visiteur se rendait sur ces sites. Ces sites peuvent collecter des donn\u00e9es, utiliser des cookies, et suivre vos interactions.<\/p>\n<h3>6. Vos droits<\/h3>\n<p>Conform\u00e9ment au RGPD, vous disposez des droits suivants : acc\u00e8s, rectification, suppression, limitation ou opposition au traitement, retrait du consentement. Pour les exercer, contactez-nous \u00e0 jacky.rangin@orange.fr<\/p>\n<h3>7. Cookies<\/h3>\n<p>Ce site utilise uniquement des cookies techniques n\u00e9cessaires \u00e0 son fonctionnement. Aucune donn\u00e9e n\u2019est exploit\u00e9e \u00e0 des fins publicitaires ou analytiques.<\/p>\t\t\t\t\t\t\t\t<\/div>\n\t\t\t\t\t<\/div>\n\t\t\t\t<\/div>\n\t\t\t\t<\/div>\n\t\t","protected":false},"excerpt":{"rendered":"<p>Politique de confidentialit\u00e9 1. Donn\u00e9es personnelles collect\u00e9es Le site fildere.com ne collecte des donn\u00e9es personnelles que par l\u2019interm\u00e9diaire du formulaire de contact. Les donn\u00e9es saisies (nom, adresse e-mail, message) sont utilis\u00e9es uniquement pour r\u00e9pondre \u00e0 votre demande. Les donn\u00e9es ne sont pas c\u00e9d\u00e9es \u00e0 des tiers. 2. Responsable du traitement Les donn\u00e9es sont trait\u00e9es par [&hellip;]<\/p>\n","protected":false},"author":1,"featured_media":0,"parent":0,"menu_order":0,"comment_status":"closed","ping_status":"closed","template":"","meta":{"_acf_changed":false,"ocean_post_layout":"","ocean_both_sidebars_style":"","ocean_both_sidebars_content_width":0,"ocean_both_sidebars_sidebars_width":0,"ocean_sidebar":"","ocean_second_sidebar":"","ocean_disable_margins":"enable","ocean_add_body_class":"","ocean_shortcode_before_top_bar":"","ocean_shortcode_after_top_bar":"","ocean_shortcode_before_header":"","ocean_shortcode_after_header":"","ocean_has_shortcode":"","ocean_shortcode_after_title":"","ocean_shortcode_before_footer_widgets":"","ocean_shortcode_after_footer_widgets":"","ocean_shortcode_before_footer_bottom":"","ocean_shortcode_after_footer_bottom":"","ocean_display_top_bar":"default","ocean_display_header":"default","ocean_header_style":"","ocean_center_header_left_menu":"","ocean_custom_header_template":"","ocean_custom_logo":0,"ocean_custom_retina_logo":0,"ocean_custom_logo_max_width":0,"ocean_custom_logo_tablet_max_width":0,"ocean_custom_logo_mobile_max_width":0,"ocean_custom_logo_max_height":0,"ocean_custom_logo_tablet_max_height":0,"ocean_custom_logo_mobile_max_height":0,"ocean_header_custom_menu":"","ocean_menu_typo_font_family":"","ocean_menu_typo_font_subset":"","ocean_menu_typo_font_size":0,"ocean_menu_typo_font_size_tablet":0,"ocean_menu_typo_font_size_mobile":0,"ocean_menu_typo_font_size_unit":"px","ocean_menu_typo_font_weight":"","ocean_menu_typo_font_weight_tablet":"","ocean_menu_typo_font_weight_mobile":"","ocean_menu_typo_transform":"","ocean_menu_typo_transform_tablet":"","ocean_menu_typo_transform_mobile":"","ocean_menu_typo_line_height":0,"ocean_menu_typo_line_height_tablet":0,"ocean_menu_typo_line_height_mobile":0,"ocean_menu_typo_line_height_unit":"","ocean_menu_typo_spacing":0,"ocean_menu_typo_spacing_tablet":0,"ocean_menu_typo_spacing_mobile":0,"ocean_menu_typo_spacing_unit":"","ocean_menu_link_color":"","ocean_menu_link_color_hover":"","ocean_menu_link_color_active":"","ocean_menu_link_background":"","ocean_menu_link_hover_background":"","ocean_menu_link_active_background":"","ocean_menu_social_links_bg":"","ocean_menu_social_hover_links_bg":"","ocean_menu_social_links_color":"","ocean_menu_social_hover_links_color":"","ocean_disable_title":"default","ocean_disable_heading":"default","ocean_post_title":"","ocean_post_subheading":"","ocean_post_title_style":"","ocean_post_title_background_color":"","ocean_post_title_background":0,"ocean_post_title_bg_image_position":"","ocean_post_title_bg_image_attachment":"","ocean_post_title_bg_image_repeat":"","ocean_post_title_bg_image_size":"","ocean_post_title_height":0,"ocean_post_title_bg_overlay":0.5,"ocean_post_title_bg_overlay_color":"","ocean_disable_breadcrumbs":"default","ocean_breadcrumbs_color":"","ocean_breadcrumbs_separator_color":"","ocean_breadcrumbs_links_color":"","ocean_breadcrumbs_links_hover_color":"","ocean_display_footer_widgets":"default","ocean_display_footer_bottom":"default","ocean_custom_footer_template":"","footnotes":""},"class_list":["post-3","page","type-page","status-publish","hentry","entry"],"acf":[],"_links":{"self":[{"href":"https:\/\/lefildere.com\/index.php\/wp-json\/wp\/v2\/pages\/3","targetHints":{"allow":["GET"]}}],"collection":[{"href":"https:\/\/lefildere.com\/index.php\/wp-json\/wp\/v2\/pages"}],"about":[{"href":"https:\/\/lefildere.com\/index.php\/wp-json\/wp\/v2\/types\/page"}],"author":[{"embeddable":true,"href":"https:\/\/lefildere.com\/index.php\/wp-json\/wp\/v2\/users\/1"}],"replies":[{"embeddable":true,"href":"https:\/\/lefildere.com\/index.php\/wp-json\/wp\/v2\/comments?post=3"}],"version-history":[{"count":10,"href":"https:\/\/lefildere.com\/index.php\/wp-json\/wp\/v2\/pages\/3\/revisions"}],"predecessor-version":[{"id":1770,"href":"https:\/\/lefildere.com\/index.php\/wp-json\/wp\/v2\/pages\/3\/revisions\/1770"}],"wp:attachment":[{"href":"https:\/\/lefildere.com\/index.php\/wp-json\/wp\/v2\/media?parent=3"}],"curies":[{"name":"wp","href":"https:\/\/api.w.org\/{rel}","templated":true}]}}